{"id":5361,"date":"2019-05-13T20:01:31","date_gmt":"2019-05-13T15:01:31","guid":{"rendered":"http:\/\/admissions.tma.uz\/?page_id=5361"},"modified":"2019-05-13T20:01:31","modified_gmt":"2019-05-13T15:01:31","slug":"info-tkm","status":"publish","type":"page","link":"https:\/\/admissions.tma.uz\/ru\/info-tkm\/","title":{"rendered":"INFO (TKM)"},"content":{"rendered":"<p><strong>DA\u015eARY YURT ABITURIYENTLER DYKGATYNA!<\/strong><\/p>\n<p>Ta\u015fkent lukman\u00e7ylyk akademiyasy \u00d6zbegistan Respublikasynda \u00f6\u0148debaryjy lukman\u00e7ylyk yokary okuw ja\u00fdy.<\/p>\n<p>D\u00f6wlet reytinginde lukman\u00e7ylyk guramalaryny\u0148 arasynda \u2116 1-nji orun eyeley\u00e4r.<\/p>\n<p>Ta\u015fkent lukman\u00e7ylyk akademiyasyna\u00a0 girmek \u00fc\u00e7in gerekli maglumatlary Ta\u015fkent lukman\u00e7ylyk akademiyasyny\u0148 administrasiyasy h\u00f6durley\u00e4r.<\/p>\n<p>Resminamalary\u0148 sanawy:<\/p>\n<p>&#8212; Ta\u015fkent lukman\u00e7ylyk akademiyasyny\u0148 rektoryna\u00a0 haysy dilde we okuwy\u0148 haysy g\u00f6rn\u00fc\u015fi barada arza.<\/p>\n<p>&#8212; Berlen maglumatlarda adres\u00a0 we telefon\u00a0 nomerleri g\u00f6rkezilmeli\u00a0 (\u015funy\u0148 bilen birlikde abituriyentleri\u0148 hossarlaryny\u0148 telefon nomeri)<\/p>\n<p>&#8212; Orta bilim hakyndaky \u015fahadatnamasyny\u0148 nusgasy we asyl nusgasy,alnan bahalar boyun\u00e7a tassyklanan we rus yada \u00f6zbek diline terjime edilen g\u00f6rn\u00fc\u015fi;<\/p>\n<p>&#8212; Rayatlyk pasporty we da\u015fary yurt pasporty (nusgasy bilen) yada doglu\u015f hakyndaky \u015fahadatnama.<\/p>\n<p>&#8212; Eger onda ya\u015fayy\u015f hakynda g\u00fcw\u00e4namasy bolsa,onu\u0148 nusgasy gerek.<\/p>\n<p>&#8212; 6 sany surat 3,5&#215;4,5 sm g\u00f6rn\u00fc\u015finde.<\/p>\n<p>Skanerlenen nusgalar Ta\u015fkent lukman\u00e7ylyk akademiyasyny\u0148 Halkara b\u00f6l\u00fcmine \u015fu po\u00e7ta arkaly ugradyp bilersi\u0148iz:<\/p>\n<p><a href=\"mailto:tma.qabul2019@mail.ru\">tma.qabul2019@mail.ru<\/a><\/p>\n<p><a href=\"mailto:tma.interdep@gmail.com\">tma.interdep@gmail.com<\/a><\/p>\n<p>Ugradylan resminamalary tassyklamak we go\u015fma\u00e7a maglumatlary almak \u00fc\u00e7in \u015fu tel. nomer arkaly habarla\u015fyp bilersi\u0148iz:<\/p>\n<p>+998712148291<\/p>\n","protected":false},"excerpt":{"rendered":"<p>DA\u015eARY YURT ABITURIYENTLER DYKGATYNA! Ta\u015fkent lukman\u00e7ylyk akademiyasy \u00d6zbegistan Respublikasynda \u00f6\u0148debaryjy lukman\u00e7ylyk yokary okuw ja\u00fdy. D\u00f6wlet reytinginde lukman\u00e7ylyk guramalaryny\u0148 arasynda \u2116 1-nji orun eyeley\u00e4r. Ta\u015fkent lukman\u00e7ylyk akademiyasyna\u00a0 girmek \u00fc\u00e7in gerekli maglumatlary Ta\u015fkent lukman\u00e7ylyk akademiyasyny\u0148 administrasiyasy h\u00f6durley\u00e4r. Resminamalary\u0148 sanawy: &#8212; Ta\u015fkent lukman\u00e7ylyk akademiyasyny\u0148 rektoryna\u00a0 haysy dilde we okuwy\u0148 haysy g\u00f6rn\u00fc\u015fi barada arza. &#8212; Berlen maglumatlarda adres\u00a0 we [&hellip;]<\/p>\n","protected":false},"author":4,"featured_media":0,"parent":0,"menu_order":0,"comment_status":"closed","ping_status":"closed","template":"","meta":{"footnotes":""},"class_list":["post-5361","page","type-page","status-publish","hentry"],"_links":{"self":[{"href":"https:\/\/admissions.tma.uz\/ru\/wp-json\/wp\/v2\/pages\/5361","targetHints":{"allow":["GET"]}}],"collection":[{"href":"https:\/\/admissions.tma.uz\/ru\/wp-json\/wp\/v2\/pages"}],"about":[{"href":"https:\/\/admissions.tma.uz\/ru\/wp-json\/wp\/v2\/types\/page"}],"author":[{"embeddable":true,"href":"https:\/\/admissions.tma.uz\/ru\/wp-json\/wp\/v2\/users\/4"}],"replies":[{"embeddable":true,"href":"https:\/\/admissions.tma.uz\/ru\/wp-json\/wp\/v2\/comments?post=5361"}],"version-history":[{"count":0,"href":"https:\/\/admissions.tma.uz\/ru\/wp-json\/wp\/v2\/pages\/5361\/revisions"}],"wp:attachment":[{"href":"https:\/\/admissions.tma.uz\/ru\/wp-json\/wp\/v2\/media?parent=5361"}],"curies":[{"name":"wp","href":"https:\/\/api.w.org\/{rel}","templated":true}]}}