{"id":5359,"date":"2019-05-13T19:59:57","date_gmt":"2019-05-13T14:59:57","guid":{"rendered":"http:\/\/admissions.tma.uz\/?page_id=5359"},"modified":"2019-05-13T19:59:57","modified_gmt":"2019-05-13T14:59:57","slug":"faq-tkm","status":"publish","type":"page","link":"https:\/\/admissions.tma.uz\/ru\/faq-tkm\/","title":{"rendered":"FAQ (TKM)"},"content":{"rendered":"<p><strong>Meni\u0148 Ta\u015fkent lukman\u00e7ylyk akademiyasyna okuwa girm\u00e4ge islegim bar,ony n\u00e4dip amala a\u015fyrmaly?<\/strong><\/p>\n<p>Da\u015fary yurt rayatlaryny\u0148 giri\u015f synaglary s\u00f6hbetde\u015flik esasynda ge\u00e7irily\u00e4r.<\/p>\n<p><strong>Ta\u015fkent lukman\u00e7ylyk akademiyasynda haysy sertler esasynda okap bilerin?<\/strong><\/p>\n<p>Dasary yurt rayatlary t\u00f6legli-kontrakt esasynda amala asyrylyar.<\/p>\n<p><strong>Taskent lukman\u00e7ylyk akademiyasy yatakhana bilen \u00fcpj\u00fcn edyarmi?<\/strong><\/p>\n<p>Dasary yurt rayatlary yatakhana bilen \u00fcpj\u00fcn edilyar.<\/p>\n<p><strong>Resminamalar haysy usulda kabul edily\u00e4r?<\/strong><\/p>\n<p>Resminamalar Taskent lukman\u00e7ylyk akademiyasyny\u0148 Kabul komissiyasyna tab\u015fyrylyar.<\/p>\n<p>Resminama\u00a0 nusgasy g\u00f6rkezilen salgy boyun\u00e7a Taskent lukman\u00e7ylyk akademiyasyny\u0148 Halkara b\u00f6l\u00fcmine\u00a0 ugradylyar.<\/p>\n<p><strong>Taskent lukman\u00e7ylyk akademiyasynda haysy dilde t\u00e4lim berily\u00e4r?<\/strong><\/p>\n<p>Taskent lukman\u00e7ylyk akademiyasynda \u00f6zbek we rus dillerinde t\u00e4lim berily\u00e4r .<\/p>\n<p><strong>Dasary yurt\u00a0 talyplaryna (talyp haky)stipendiya t\u00f6leny\u00e4rmi?<\/strong><\/p>\n<p>Dasary yurt\u00a0 talyplaryna (talyp haky)stipendiya t\u00f6lenilmey\u00e4r.<\/p>\n","protected":false},"excerpt":{"rendered":"<p>Meni\u0148 Ta\u015fkent lukman\u00e7ylyk akademiyasyna okuwa girm\u00e4ge islegim bar,ony n\u00e4dip amala a\u015fyrmaly? Da\u015fary yurt rayatlaryny\u0148 giri\u015f synaglary s\u00f6hbetde\u015flik esasynda ge\u00e7irily\u00e4r. Ta\u015fkent lukman\u00e7ylyk akademiyasynda haysy sertler esasynda okap bilerin? Dasary yurt rayatlary t\u00f6legli-kontrakt esasynda amala asyrylyar. Taskent lukman\u00e7ylyk akademiyasy yatakhana bilen \u00fcpj\u00fcn edyarmi? Dasary yurt rayatlary yatakhana bilen \u00fcpj\u00fcn edilyar. Resminamalar haysy usulda kabul edily\u00e4r? Resminamalar Taskent [&hellip;]<\/p>\n","protected":false},"author":4,"featured_media":0,"parent":0,"menu_order":0,"comment_status":"closed","ping_status":"closed","template":"","meta":{"footnotes":""},"class_list":["post-5359","page","type-page","status-publish","hentry"],"_links":{"self":[{"href":"https:\/\/admissions.tma.uz\/ru\/wp-json\/wp\/v2\/pages\/5359","targetHints":{"allow":["GET"]}}],"collection":[{"href":"https:\/\/admissions.tma.uz\/ru\/wp-json\/wp\/v2\/pages"}],"about":[{"href":"https:\/\/admissions.tma.uz\/ru\/wp-json\/wp\/v2\/types\/page"}],"author":[{"embeddable":true,"href":"https:\/\/admissions.tma.uz\/ru\/wp-json\/wp\/v2\/users\/4"}],"replies":[{"embeddable":true,"href":"https:\/\/admissions.tma.uz\/ru\/wp-json\/wp\/v2\/comments?post=5359"}],"version-history":[{"count":0,"href":"https:\/\/admissions.tma.uz\/ru\/wp-json\/wp\/v2\/pages\/5359\/revisions"}],"wp:attachment":[{"href":"https:\/\/admissions.tma.uz\/ru\/wp-json\/wp\/v2\/media?parent=5359"}],"curies":[{"name":"wp","href":"https:\/\/api.w.org\/{rel}","templated":true}]}}