{"id":5357,"date":"2019-05-13T19:56:58","date_gmt":"2019-05-13T14:56:58","guid":{"rendered":"http:\/\/admissions.tma.uz\/?page_id=5357"},"modified":"2019-05-13T19:58:25","modified_gmt":"2019-05-13T14:58:25","slug":"tma-hakynda-guwanama-tkm","status":"publish","type":"page","link":"https:\/\/admissions.tma.uz\/ru\/tma-hakynda-guwanama-tkm\/","title":{"rendered":"\u0422\u041c\u0410 hakynda g\u00fcw\u00e4nama (TKM)"},"content":{"rendered":"<p><strong>Ta<\/strong><strong>\u015fkent Lukman\u00e7ylyk <\/strong><strong>\u0410<\/strong><strong>kademi\u00fdasy hakynda g\u00fcw\u00e4nama<\/strong><\/p>\n<p>Ta\u015fkent Lukman\u00e7ylyk Akademi\u00fdasy Orta Azi\u00fda uniwersitetini\u0148 Lukman\u00e7ylyk fakulteti esasynda Ta\u015fkent Lukman\u00e7ylyk instituty g\u00f6rn\u00fc\u015finde 1919-njy \u00fdylda berpa edilip, \u00fd\u00f6ritele\u015fdirilen kadrlary ta\u00fd\u00fdarla\u00fdar, \u00fdagny lukmanlar, farmakologlar, gigi\u00fdenistler.<\/p>\n<p>90-njy \u00fdyllary\u0148 ba\u015fynda Ta\u015fkent Lukman\u00e7ylyk institutyny\u0148 birn\u00e4\u00e7e bazasy esasynda 2 sany \u00fdokary Lukman\u00e7ylyk ja\u00fdlary berpa edildi: 1-nji Ta\u015fkent D\u00f6wlet Lukman\u00e7ylyk instituty we 2-nji Ta\u015fkent D\u00f6wlet Lukman\u00e7ylyk instituty, we 2005-nji \u00fdylda ikisin\u0148 birikdirilmegi esasynda Ta\u015fkent Lukman\u00e7ylyk \u0410kademi\u00fdasy emele geldi.<\/p>\n<p>H\u00e4zirki wagtda, akademi\u00fdada bejeri\u015f i\u015fi, lukman\u00e7ylyk pedagogikasy, lukman\u00e7ylyk profilaktikasy, lukman\u00e7ylyk biologi\u00fdasy, harby lukman\u00e7ylyk we \u00fdokary \u015fypagat u\u00fdasyny\u0148 fakulteti, ugurlarynda 4000-den gowrak talyplar oka\u00fdar.<\/p>\n<p>Magistr okuwy 48 ugurdan ge\u00e7iril\u00fd\u00e4r, 38 ugurdan bolsa klinika ordinaturasyny\u0148 \u00fcsti bilen \u00fd\u00f6ritele\u015fdirilen lukmanlar \u00fdeti\u015fdiril\u00fd\u00e4r.<\/p>\n<p>Esasy klinika bazalary Ta\u015fkent Lukman\u00e7ylyk Akademi\u00fdasyny\u0148 3 sany k\u00f6p ugurly uniwersitet klikasynda, hem-de Respublikany\u0148 \u00fd\u00f6ritele\u015fdirilen ylym-praktika lukman\u00e7ylyk merkezlerinde, \u015f\u00e4her lukman\u00e7ylyk merkezlerinde we \u00d6zbegistan Respublikasyny\u0148 Saglygy gora\u00fdy\u015f Ministrligini\u0148 hassahanalarynda (lukman\u00e7ylyk ja\u00fdlaryny\u0148 80-den gowragynda) ge\u00e7iril\u00fd\u00e4r.<\/p>\n<p><strong>H\u00e4zirki wagtda, Ta\u015fkent Lukman\u00e7ylyk Akademi\u00fdasy \u00d6zbegistan Respublikasyny\u0148 \u00f6\u0148debaryjy okuw merkezidir. Re\u00fdting bo\u00fdun\u00e7a Lukman\u00e7ylyk \u00fdokary okuw ja\u00fdlaryny\u0148 arasynda Ta\u015fkent Lukman\u00e7ylyk akademi\u00fdasy 6-njy oruna mynasypdyr.<\/strong><\/p>\n<p>\u00ddokary derejeli professerlor we mugallymlar, d\u00fcn\u00fd\u00e4 \u00fcl\u0148ilerine la\u00fdyk gel\u00fd\u00e4n, yzygiderli we \u00fd\u00f6ritele\u015fdirilen ugurlar bo\u00fdun\u00e7a, da\u015fary \u00fdurtlarda lukman\u00e7ylyk amaly\u00fdetini a\u015fyr\u00fdarlar.<\/p>\n<p>Ta\u015fkent Lukman\u00e7ylyk Akademi\u00fdasyny\u0148 ileri tutul\u00fdan meseleler \u00fdygyndysy, lukman\u00e7ylyk sowatlylygy we ylmy ugrunda halkara gatna\u015fyklaryny\u0148 \u00f6sd\u00fcrilmegidir.<\/p>\n<p>Halkara gatna\u015fyklar esasynda, \u00d6zbegistany\u0148 Saglygy gora\u00fdy\u015f ministrligini\u0148 \u00fdollanmasy bilen da\u015fary \u00fdurt professorlaryny \u00e7agyryp, Akademi\u00fdada ylmy \u2013 i\u015f \u00e7\u00e4releri ge\u00e7iril\u00fd\u00e4r.<\/p>\n<p>Her \u00fdylda, Ta\u015fkent Lukman\u00e7ylyk Akademi\u00fdasyny\u0148 talyplary has zehinli, d\u00f6wlet stipendi\u00fdasyny\u0148 hem-de ba\u00fdraklaryny\u0148 e\u00fdeleri, halkara olimpiyany\u0148 \u00fde\u0148ijileri bol\u00fdarlar.<\/p>\n<p>Ta\u015fkent Lukman\u00e7ylyk Akademi\u00fdasynda \u00e4hli tarapla\u00fdyn lukman\u00e7ylyk i\u015finde \u00f6kde bolup \u00fdeti\u015fmeklerine uly \u00fcns beril\u00fd\u00e4r.<\/p>\n<p>Akademi\u00fdada d\u00f6redilen we \u00fcpj\u00fcn edilen:<\/p>\n<ul>\n<li>K\u00f6pugurly lukma\u00e7ylyk gurnaklarynda her bir gatna\u015fyjy talyplara we geljekgi lukmanlara \u00f6zlerini\u0148 ylym almaklary \u00fc\u00e7in uly m\u00fcmkin\u00e7ilikler d\u00f6redil\u00fd\u00e4r;<\/li>\n<li>\u00d6zbegistan Respublikasyny\u0148 maglumat merkezi, Merkezi Azi\u00fdany\u0148 kitaphanalaryny\u0148 esaslaryna da\u00fdanylyp d\u00f6redilendir;<\/li>\n<li>Sport toplumlary d\u00fcn\u00fd\u00e4 \u00fcl\u0148ilerine la\u00fdyk gel\u00fd\u00e4r. Geljekgi lukmanlary ta\u00fd\u00fdarlamak \u00fc\u00e7in ba\u015flangy\u00e7 ylym \u00fdokary derejede beril\u00fd\u00e4r;<\/li>\n<li>\u015eunu\u0148 bilen birlikde talyplary\u0148 \u00f6zba\u015fdak \u00f6wrenmekleri \u00fc\u00e7in lukman\u00e7ylyk muze\u00fdi, tipografi\u00fda, wi-fi zolaklary bilen \u00fcpj\u00fcn edil\u00fd\u00e4r.<\/li>\n<\/ul>\n<p>Okuwda lukma\u00e7ylyk tejribe i\u015f usulyndan pe\u00fddalanyp, talyplary\u0148 ylmy i\u015f g\u00f6zlegleri olary\u0148 netijeleri, uniwersitetlerara ylmy g\u00f6zleg laboratori\u00fdasy we \u015funu\u0148 bilen birlikde ylmy g\u00f6zleg merkezi Ta\u015fkent Lukman\u00e7ylyk Akademi\u00fdasy tarapyndan d\u00f6redilip, aja\u00fdyp guramalary sowat bilen ylmy\u0148 arasyndaky netijeli integrasi\u00fdalar \u00fcpj\u00fcn edil\u00fd\u00e4r.<\/p>\n<p>Ta\u015fkent Lukman\u00e7ylyk akademi\u00fdasy \u2013 bu d\u00f6wrebap innowasion \u00fdokary okuw ja\u00fdy bolup \u00f6z\u00fcnde klassik d\u00e4p-dessurlaryny \u00fcpj\u00fcn ed\u00fd\u00e4n lukman\u00e7ylyk guramadyr.<\/p>\n<p>Ta\u015fkent Lukmna\u00e7ylyk Akademi\u00fdasyna HO\u015e GELDI\u0147IZ!!!<\/p>\n","protected":false},"excerpt":{"rendered":"<p>Ta\u015fkent Lukman\u00e7ylyk \u0410kademi\u00fdasy hakynda g\u00fcw\u00e4nama Ta\u015fkent Lukman\u00e7ylyk Akademi\u00fdasy Orta Azi\u00fda uniwersitetini\u0148 Lukman\u00e7ylyk fakulteti esasynda Ta\u015fkent Lukman\u00e7ylyk instituty g\u00f6rn\u00fc\u015finde 1919-njy \u00fdylda berpa edilip, \u00fd\u00f6ritele\u015fdirilen kadrlary ta\u00fd\u00fdarla\u00fdar, \u00fdagny lukmanlar, farmakologlar, gigi\u00fdenistler. 90-njy \u00fdyllary\u0148 ba\u015fynda Ta\u015fkent Lukman\u00e7ylyk institutyny\u0148 birn\u00e4\u00e7e bazasy esasynda 2 sany \u00fdokary Lukman\u00e7ylyk ja\u00fdlary berpa edildi: 1-nji Ta\u015fkent D\u00f6wlet Lukman\u00e7ylyk instituty we 2-nji Ta\u015fkent D\u00f6wlet Lukman\u00e7ylyk [&hellip;]<\/p>\n","protected":false},"author":4,"featured_media":0,"parent":0,"menu_order":0,"comment_status":"closed","ping_status":"closed","template":"","meta":{"footnotes":""},"class_list":["post-5357","page","type-page","status-publish","hentry"],"_links":{"self":[{"href":"https:\/\/admissions.tma.uz\/ru\/wp-json\/wp\/v2\/pages\/5357","targetHints":{"allow":["GET"]}}],"collection":[{"href":"https:\/\/admissions.tma.uz\/ru\/wp-json\/wp\/v2\/pages"}],"about":[{"href":"https:\/\/admissions.tma.uz\/ru\/wp-json\/wp\/v2\/types\/page"}],"author":[{"embeddable":true,"href":"https:\/\/admissions.tma.uz\/ru\/wp-json\/wp\/v2\/users\/4"}],"replies":[{"embeddable":true,"href":"https:\/\/admissions.tma.uz\/ru\/wp-json\/wp\/v2\/comments?post=5357"}],"version-history":[{"count":0,"href":"https:\/\/admissions.tma.uz\/ru\/wp-json\/wp\/v2\/pages\/5357\/revisions"}],"wp:attachment":[{"href":"https:\/\/admissions.tma.uz\/ru\/wp-json\/wp\/v2\/media?parent=5357"}],"curies":[{"name":"wp","href":"https:\/\/api.w.org\/{rel}","templated":true}]}}